{"id":13,"date":"2025-12-26T16:50:45","date_gmt":"2025-12-26T16:50:45","guid":{"rendered":"https:\/\/adntransport.rkinformatika.online\/?page_id=13"},"modified":"2025-12-31T11:52:50","modified_gmt":"2025-12-31T11:52:50","slug":"servicios","status":"publish","type":"page","link":"https:\/\/adntransport.es\/eu\/servicios\/","title":{"rendered":"Zerbitzuak"},"content":{"rendered":"<div data-elementor-type=\"wp-page\" data-elementor-id=\"13\" class=\"elementor elementor-13\" data-elementor-post-type=\"page\">\n\t\t\t\t<div class=\"elementor-element elementor-element-6bc27c9 e-flex e-con-boxed e-con e-parent\" data-id=\"6bc27c9\" data-element_type=\"container\" data-e-type=\"container\">\n\t\t\t\t\t<div class=\"e-con-inner\">\n\t\t\t\t\t<\/div>\n\t\t\t\t<\/div>\n\t\t<div class=\"elementor-element elementor-element-feb7e36 e-flex e-con-boxed e-con e-parent\" data-id=\"feb7e36\" data-element_type=\"container\" data-e-type=\"container\">\n\t\t\t\t\t<div class=\"e-con-inner\">\n\t\t<div class=\"elementor-element elementor-element-b9e0428 e-con-full e-flex e-con e-child\" data-id=\"b9e0428\" data-element_type=\"container\" data-e-type=\"container\">\n\t\t\t\t<div class=\"elementor-element elementor-element-2a28b8f elementor-widget elementor-widget-heading\" data-id=\"2a28b8f\" data-element_type=\"widget\" data-e-type=\"widget\" data-widget_type=\"heading.default\">\n\t\t\t\t\t<h2 class=\"elementor-heading-title elementor-size-default\">Transporte y Flota<\/h2>\t\t\t\t<\/div>\n\t\t\t\t<div class=\"elementor-element elementor-element-8674d57 elementor-widget elementor-widget-text-editor\" data-id=\"8674d57\" data-element_type=\"widget\" data-e-type=\"widget\" data-widget_type=\"text-editor.default\">\n\t\t\t\t\t\t\t\t\t<p data-start=\"194\" data-end=\"291\"><strong data-start=\"194\" data-end=\"243\">Dotaci\u00f3n de camiones de reparto con conductor<\/strong>, adaptados a las necesidades de cada operaci\u00f3n.<\/p><p data-start=\"294\" data-end=\"376\"><strong data-start=\"294\" data-end=\"330\">B\u00fasqueda de camiones de arrastre<\/strong> para rutas espec\u00edficas y servicios continuos.<\/p>\t\t\t\t\t\t\t\t<\/div>\n\t\t\t\t<\/div>\n\t\t<div class=\"elementor-element elementor-element-95130bf e-con-full e-flex e-con e-child\" data-id=\"95130bf\" data-element_type=\"container\" data-e-type=\"container\">\n\t\t\t\t<div class=\"elementor-element elementor-element-db4be63 elementor-widget elementor-widget-heading\" data-id=\"db4be63\" data-element_type=\"widget\" data-e-type=\"widget\" data-widget_type=\"heading.default\">\n\t\t\t\t\t<h2 class=\"elementor-heading-title elementor-size-default\">Alquiler de Veh\u00edculos<\/h2>\t\t\t\t<\/div>\n\t\t\t\t<div class=\"elementor-element elementor-element-faad870 elementor-widget elementor-widget-text-editor\" data-id=\"faad870\" data-element_type=\"widget\" data-e-type=\"widget\" data-widget_type=\"text-editor.default\">\n\t\t\t\t\t\t\t\t\t<p><strong data-start=\"409\" data-end=\"448\">Alquiler de veh\u00edculos sin conductor<\/strong>, ofreciendo flexibilidad, rapidez y eficiencia operativa.<\/p>\t\t\t\t\t\t\t\t<\/div>\n\t\t\t\t<\/div>\n\t\t<div class=\"elementor-element elementor-element-2fabad4 e-con-full e-flex e-con e-child\" data-id=\"2fabad4\" data-element_type=\"container\" data-e-type=\"container\">\n\t\t\t\t<div class=\"elementor-element elementor-element-8c6d9c8 elementor-widget elementor-widget-heading\" data-id=\"8c6d9c8\" data-element_type=\"widget\" data-e-type=\"widget\" data-widget_type=\"heading.default\">\n\t\t\t\t\t<h2 class=\"elementor-heading-title elementor-size-default\"> Intermediaci\u00f3n y Expansi\u00f3n<\/h2>\t\t\t\t<\/div>\n\t\t\t\t<div class=\"elementor-element elementor-element-4dda65d elementor-widget elementor-widget-text-editor\" data-id=\"4dda65d\" data-element_type=\"widget\" data-e-type=\"widget\" data-widget_type=\"text-editor.default\">\n\t\t\t\t\t\t\t\t\t<p data-start=\"544\" data-end=\"651\"><strong data-start=\"544\" data-end=\"587\">Localizaci\u00f3n de socios y distribuidores<\/strong> para empresas de transporte en zonas donde no tienen presencia.<\/p><p data-start=\"654\" data-end=\"715\">Apoyo en la <strong data-start=\"666\" data-end=\"714\">creaci\u00f3n y consolidaci\u00f3n de redes log\u00edsticas<\/strong>.<\/p>\t\t\t\t\t\t\t\t<\/div>\n\t\t\t\t<\/div>\n\t\t<div class=\"elementor-element elementor-element-16b3d58 e-con-full e-flex e-con e-child\" data-id=\"16b3d58\" data-element_type=\"container\" data-e-type=\"container\">\n\t\t\t\t<div class=\"elementor-element elementor-element-907e7ae elementor-widget elementor-widget-heading\" data-id=\"907e7ae\" data-element_type=\"widget\" data-e-type=\"widget\" data-widget_type=\"heading.default\">\n\t\t\t\t\t<h2 class=\"elementor-heading-title elementor-size-default\"> Proyectos Log\u00edsticos a Medida<\/h2>\t\t\t\t<\/div>\n\t\t\t\t<div class=\"elementor-element elementor-element-604fb3c elementor-widget elementor-widget-text-editor\" data-id=\"604fb3c\" data-element_type=\"widget\" data-e-type=\"widget\" data-widget_type=\"text-editor.default\">\n\t\t\t\t\t\t\t\t\t<p><strong data-start=\"756\" data-end=\"818\">Dise\u00f1o y desarrollo de proyectos log\u00edsticos personalizados<\/strong>, ajustados a las necesidades operativas y estrat\u00e9gicas de cada cliente.<\/p>\t\t\t\t\t\t\t\t<\/div>\n\t\t\t\t<\/div>\n\t\t\t\t\t<\/div>\n\t\t\t\t<\/div>\n\t\t<div class=\"elementor-element elementor-element-73fd889 e-flex e-con-boxed e-con e-parent\" data-id=\"73fd889\" data-element_type=\"container\" data-e-type=\"container\">\n\t\t\t\t\t<div class=\"e-con-inner\">\n\t\t\t\t<div class=\"elementor-element elementor-element-b161d63 elementor-widget-mobile__width-initial elementor-widget-tablet__width-initial elementor-widget elementor-widget-text-editor\" data-id=\"b161d63\" data-element_type=\"widget\" data-e-type=\"widget\" data-widget_type=\"text-editor.default\">\n\t\t\t\t\t\t\t\t\t<p>Soluciones profesionales para el sector del transporte.<\/p>\t\t\t\t\t\t\t\t<\/div>\n\t\t\t\t<div class=\"elementor-element elementor-element-9c9fb2b elementor-align-center elementor-widget elementor-widget-button\" data-id=\"9c9fb2b\" data-element_type=\"widget\" data-e-type=\"widget\" data-widget_type=\"button.default\">\n\t\t\t\t\t\t\t\t\t\t<a class=\"elementor-button elementor-button-link elementor-size-sm\" href=\"https:\/\/adntransport.es\/eu\/contacto\/\">\n\t\t\t\t\t\t<span class=\"elementor-button-content-wrapper\">\n\t\t\t\t\t\t\t\t\t<span class=\"elementor-button-text\">Kontaktua<\/span>\n\t\t\t\t\t<\/span>\n\t\t\t\t\t<\/a>\n\t\t\t\t\t\t\t\t<\/div>\n\t\t\t\t\t<\/div>\n\t\t\t\t<\/div>\n\t\t\t\t<\/div>","protected":false},"excerpt":{"rendered":"<p>Transporte y Flota Dotaci\u00f3n de camiones de reparto con conductor, adaptados a las necesidades de cada operaci\u00f3n. B\u00fasqueda de camiones de arrastre para rutas espec\u00edficas y servicios continuos. Alquiler de Veh\u00edculos Alquiler de veh\u00edculos sin conductor, ofreciendo flexibilidad, rapidez y eficiencia operativa. Intermediaci\u00f3n y Expansi\u00f3n Localizaci\u00f3n de socios y distribuidores para empresas de transporte en [&hellip;]<\/p>\n","protected":false},"author":1,"featured_media":0,"parent":0,"menu_order":0,"comment_status":"closed","ping_status":"closed","template":"","meta":{"footnotes":""},"class_list":["post-13","page","type-page","status-publish","hentry"],"yoast_head":"<!-- This site is optimized with the Yoast SEO plugin v27.5 - https:\/\/yoast.com\/product\/yoast-seo-wordpress\/ -->\n<title>Servicios - ANALISIS Y DESARROLLO DE NEGOCIO<\/title>\n<meta name=\"robots\" content=\"index, follow, max-snippet:-1, max-image-preview:large, max-video-preview:-1\" \/>\n<link rel=\"canonical\" href=\"https:\/\/adntransport.es\/eu\/servicios\/\" \/>\n<meta property=\"og:locale\" content=\"en_US\" \/>\n<meta property=\"og:type\" content=\"article\" \/>\n<meta property=\"og:title\" content=\"Servicios - ANALISIS Y DESARROLLO DE NEGOCIO\" \/>\n<meta property=\"og:description\" content=\"Transporte y Flota Dotaci\u00f3n de camiones de reparto con conductor, adaptados a las necesidades de cada operaci\u00f3n. B\u00fasqueda de camiones de arrastre para rutas espec\u00edficas y servicios continuos. Alquiler de Veh\u00edculos Alquiler de veh\u00edculos sin conductor, ofreciendo flexibilidad, rapidez y eficiencia operativa. Intermediaci\u00f3n y Expansi\u00f3n Localizaci\u00f3n de socios y distribuidores para empresas de transporte en [&hellip;]\" \/>\n<meta property=\"og:url\" content=\"https:\/\/adntransport.es\/eu\/servicios\/\" \/>\n<meta property=\"og:site_name\" content=\"ANALISIS Y DESARROLLO DE NEGOCIO\" \/>\n<meta property=\"article:modified_time\" content=\"2025-12-31T11:52:50+00:00\" \/>\n<meta name=\"twitter:card\" content=\"summary_large_image\" \/>\n<meta name=\"twitter:label1\" content=\"Est. reading time\" \/>\n\t<meta name=\"twitter:data1\" content=\"1 minutua\" \/>\n<script type=\"application\/ld+json\" class=\"yoast-schema-graph\">{\"@context\":\"https:\\\/\\\/schema.org\",\"@graph\":[{\"@type\":\"WebPage\",\"@id\":\"https:\\\/\\\/adntransport.es\\\/servicios\\\/\",\"url\":\"https:\\\/\\\/adntransport.es\\\/servicios\\\/\",\"name\":\"Servicios - ANALISIS Y DESARROLLO DE NEGOCIO\",\"isPartOf\":{\"@id\":\"https:\\\/\\\/adntransport.es\\\/#website\"},\"datePublished\":\"2025-12-26T16:50:45+00:00\",\"dateModified\":\"2025-12-31T11:52:50+00:00\",\"breadcrumb\":{\"@id\":\"https:\\\/\\\/adntransport.es\\\/servicios\\\/#breadcrumb\"},\"inLanguage\":\"eu\",\"potentialAction\":[{\"@type\":\"ReadAction\",\"target\":[\"https:\\\/\\\/adntransport.es\\\/servicios\\\/\"]}]},{\"@type\":\"BreadcrumbList\",\"@id\":\"https:\\\/\\\/adntransport.es\\\/servicios\\\/#breadcrumb\",\"itemListElement\":[{\"@type\":\"ListItem\",\"position\":1,\"name\":\"Portada\",\"item\":\"https:\\\/\\\/adntransport.es\\\/\"},{\"@type\":\"ListItem\",\"position\":2,\"name\":\"Servicios\"}]},{\"@type\":\"WebSite\",\"@id\":\"https:\\\/\\\/adntransport.es\\\/#website\",\"url\":\"https:\\\/\\\/adntransport.es\\\/\",\"name\":\"ANALISIS Y DESARROLLO DE NEGOCIO\",\"description\":\"SERVICIOS DE TRANSPORTE \",\"publisher\":{\"@id\":\"https:\\\/\\\/adntransport.es\\\/#organization\"},\"potentialAction\":[{\"@type\":\"SearchAction\",\"target\":{\"@type\":\"EntryPoint\",\"urlTemplate\":\"https:\\\/\\\/adntransport.es\\\/?s={search_term_string}\"},\"query-input\":{\"@type\":\"PropertyValueSpecification\",\"valueRequired\":true,\"valueName\":\"search_term_string\"}}],\"inLanguage\":\"eu\"},{\"@type\":\"Organization\",\"@id\":\"https:\\\/\\\/adntransport.es\\\/#organization\",\"name\":\"ANALISIS Y DESARROLLO DE NEGOCIO\",\"url\":\"https:\\\/\\\/adntransport.es\\\/\",\"logo\":{\"@type\":\"ImageObject\",\"inLanguage\":\"eu\",\"@id\":\"https:\\\/\\\/adntransport.es\\\/#\\\/schema\\\/logo\\\/image\\\/\",\"url\":\"https:\\\/\\\/adntransport.es\\\/wp-content\\\/uploads\\\/2025\\\/12\\\/cropped-Grey-Green-Abstract-Logistics-Logo-1.png\",\"contentUrl\":\"https:\\\/\\\/adntransport.es\\\/wp-content\\\/uploads\\\/2025\\\/12\\\/cropped-Grey-Green-Abstract-Logistics-Logo-1.png\",\"width\":246,\"height\":187,\"caption\":\"ANALISIS Y DESARROLLO DE NEGOCIO\"},\"image\":{\"@id\":\"https:\\\/\\\/adntransport.es\\\/#\\\/schema\\\/logo\\\/image\\\/\"}}]}<\/script>\n<!-- \/ Yoast SEO plugin. -->","yoast_head_json":{"title":"Servicios - ANALISIS Y DESARROLLO DE NEGOCIO","robots":{"index":"index","follow":"follow","max-snippet":"max-snippet:-1","max-image-preview":"max-image-preview:large","max-video-preview":"max-video-preview:-1"},"canonical":"https:\/\/adntransport.es\/eu\/servicios\/","og_locale":"en_US","og_type":"article","og_title":"Servicios - ANALISIS Y DESARROLLO DE NEGOCIO","og_description":"Transporte y Flota Dotaci\u00f3n de camiones de reparto con conductor, adaptados a las necesidades de cada operaci\u00f3n. B\u00fasqueda de camiones de arrastre para rutas espec\u00edficas y servicios continuos. Alquiler de Veh\u00edculos Alquiler de veh\u00edculos sin conductor, ofreciendo flexibilidad, rapidez y eficiencia operativa. Intermediaci\u00f3n y Expansi\u00f3n Localizaci\u00f3n de socios y distribuidores para empresas de transporte en [&hellip;]","og_url":"https:\/\/adntransport.es\/eu\/servicios\/","og_site_name":"ANALISIS Y DESARROLLO DE NEGOCIO","article_modified_time":"2025-12-31T11:52:50+00:00","twitter_card":"summary_large_image","twitter_misc":{"Est. reading time":"1 minutua"},"schema":{"@context":"https:\/\/schema.org","@graph":[{"@type":"WebPage","@id":"https:\/\/adntransport.es\/servicios\/","url":"https:\/\/adntransport.es\/servicios\/","name":"Servicios - ANALISIS Y DESARROLLO DE NEGOCIO","isPartOf":{"@id":"https:\/\/adntransport.es\/#website"},"datePublished":"2025-12-26T16:50:45+00:00","dateModified":"2025-12-31T11:52:50+00:00","breadcrumb":{"@id":"https:\/\/adntransport.es\/servicios\/#breadcrumb"},"inLanguage":"eu","potentialAction":[{"@type":"ReadAction","target":["https:\/\/adntransport.es\/servicios\/"]}]},{"@type":"BreadcrumbList","@id":"https:\/\/adntransport.es\/servicios\/#breadcrumb","itemListElement":[{"@type":"ListItem","position":1,"name":"Portada","item":"https:\/\/adntransport.es\/"},{"@type":"ListItem","position":2,"name":"Servicios"}]},{"@type":"WebSite","@id":"https:\/\/adntransport.es\/#website","url":"https:\/\/adntransport.es\/","name":"ANALISIS Y DESARROLLO DE NEGOCIO","description":"SERVICIOS DE TRANSPORTE","publisher":{"@id":"https:\/\/adntransport.es\/#organization"},"potentialAction":[{"@type":"SearchAction","target":{"@type":"EntryPoint","urlTemplate":"https:\/\/adntransport.es\/?s={search_term_string}"},"query-input":{"@type":"PropertyValueSpecification","valueRequired":true,"valueName":"search_term_string"}}],"inLanguage":"eu"},{"@type":"Organization","@id":"https:\/\/adntransport.es\/#organization","name":"ANALISIS Y DESARROLLO DE NEGOCIO","url":"https:\/\/adntransport.es\/","logo":{"@type":"ImageObject","inLanguage":"eu","@id":"https:\/\/adntransport.es\/#\/schema\/logo\/image\/","url":"https:\/\/adntransport.es\/wp-content\/uploads\/2025\/12\/cropped-Grey-Green-Abstract-Logistics-Logo-1.png","contentUrl":"https:\/\/adntransport.es\/wp-content\/uploads\/2025\/12\/cropped-Grey-Green-Abstract-Logistics-Logo-1.png","width":246,"height":187,"caption":"ANALISIS Y DESARROLLO DE NEGOCIO"},"image":{"@id":"https:\/\/adntransport.es\/#\/schema\/logo\/image\/"}}]}},"_links":{"self":[{"href":"https:\/\/adntransport.es\/eu\/wp-json\/wp\/v2\/pages\/13","targetHints":{"allow":["GET"]}}],"collection":[{"href":"https:\/\/adntransport.es\/eu\/wp-json\/wp\/v2\/pages"}],"about":[{"href":"https:\/\/adntransport.es\/eu\/wp-json\/wp\/v2\/types\/page"}],"author":[{"embeddable":true,"href":"https:\/\/adntransport.es\/eu\/wp-json\/wp\/v2\/users\/1"}],"replies":[{"embeddable":true,"href":"https:\/\/adntransport.es\/eu\/wp-json\/wp\/v2\/comments?post=13"}],"version-history":[{"count":43,"href":"https:\/\/adntransport.es\/eu\/wp-json\/wp\/v2\/pages\/13\/revisions"}],"predecessor-version":[{"id":217,"href":"https:\/\/adntransport.es\/eu\/wp-json\/wp\/v2\/pages\/13\/revisions\/217"}],"wp:attachment":[{"href":"https:\/\/adntransport.es\/eu\/wp-json\/wp\/v2\/media?parent=13"}],"curies":[{"name":"wp","href":"https:\/\/api.w.org\/{rel}","templated":true}]}}