{"id":9,"date":"2025-12-26T16:50:05","date_gmt":"2025-12-26T16:50:05","guid":{"rendered":"https:\/\/adntransport.rkinformatika.online\/?page_id=9"},"modified":"2025-12-31T11:52:04","modified_gmt":"2025-12-31T11:52:04","slug":"inicio","status":"publish","type":"page","link":"https:\/\/adntransport.es\/eu\/","title":{"rendered":"Hasiera"},"content":{"rendered":"<div data-elementor-type=\"wp-page\" data-elementor-id=\"9\" class=\"elementor elementor-9\" data-elementor-post-type=\"page\">\n\t\t\t\t<div class=\"elementor-element elementor-element-4d7aa0f e-flex e-con-boxed e-con e-parent\" data-id=\"4d7aa0f\" data-element_type=\"container\" data-e-type=\"container\">\n\t\t\t\t\t<div class=\"e-con-inner\">\n\t\t\t\t\t<\/div>\n\t\t\t\t<\/div>\n\t\t<div class=\"elementor-element elementor-element-50f2afb e-flex e-con-boxed e-con e-parent\" data-id=\"50f2afb\" data-element_type=\"container\" data-e-type=\"container\">\n\t\t\t\t\t<div class=\"e-con-inner\">\n\t\t\t\t<div class=\"elementor-element elementor-element-d67943f elementor-widget elementor-widget-heading\" data-id=\"d67943f\" data-element_type=\"widget\" data-e-type=\"widget\" data-widget_type=\"heading.default\">\n\t\t\t\t\t<h2 class=\"elementor-heading-title elementor-size-default\">Guri Buruz<\/h2>\t\t\t\t<\/div>\n\t\t\t\t<div class=\"elementor-element elementor-element-cd0eeca elementor-widget elementor-widget-text-editor\" data-id=\"cd0eeca\" data-element_type=\"widget\" data-e-type=\"widget\" data-widget_type=\"text-editor.default\">\n\t\t\t\t\t\t\t\t\t<p>Negozioaren Analisian eta Garapenean garraio eta bitartekaritza logistikoan espezializatutako enpresa bat gara, sektoreko enpresei modu eraginkorrean jarduteko eta hazteko aukera emango dieten baliabideak eta soluzioak lortzen laguntzeko sortua.<\/p><p>Soluzio integralak eta neurrira egindakoak eskaintzen ditugu, gidaria duten kamioien hornidura, arraste-kamioien bilaketa, gidaririk gabeko ibilgailuen alokairua, proiektu logistiko pertsonalizatuen garapena eta bazkideak eta banatzaileak eremu berrietan aurkitzeko laguntza barne.<\/p><p>Bazkide estrategiko gisa jokatzen dugu, malgutasuna, efizientzia eta bezero bakoitzaren benetako beharretara egokitutako soluzioak emanez.<\/p>\t\t\t\t\t\t\t\t<\/div>\n\t\t\t\t\t<\/div>\n\t\t\t\t<\/div>\n\t\t<div class=\"elementor-element elementor-element-49d2e2c e-flex e-con-boxed e-con e-parent\" data-id=\"49d2e2c\" data-element_type=\"container\" data-e-type=\"container\">\n\t\t\t\t\t<div class=\"e-con-inner\">\n\t\t\t\t<div class=\"elementor-element elementor-element-966d4bf elementor-widget-mobile__width-initial elementor-widget elementor-widget-text-editor\" data-id=\"966d4bf\" data-element_type=\"widget\" data-e-type=\"widget\" data-widget_type=\"text-editor.default\">\n\t\t\t\t\t\t\t\t\t<p>Soluzio logistiko eraginkor eta fidagarriekin konprometituta.<\/p>\t\t\t\t\t\t\t\t<\/div>\n\t\t\t\t<div class=\"elementor-element elementor-element-7456f10 elementor-align-center elementor-widget elementor-widget-button\" data-id=\"7456f10\" data-element_type=\"widget\" data-e-type=\"widget\" data-widget_type=\"button.default\">\n\t\t\t\t\t\t\t\t\t\t<a class=\"elementor-button elementor-button-link elementor-size-sm\" href=\"https:\/\/adntransport.es\/eu\/servicios\/\">\n\t\t\t\t\t\t<span class=\"elementor-button-content-wrapper\">\n\t\t\t\t\t\t\t\t\t<span class=\"elementor-button-text\">Zerbitzuak<\/span>\n\t\t\t\t\t<\/span>\n\t\t\t\t\t<\/a>\n\t\t\t\t\t\t\t\t<\/div>\n\t\t\t\t\t<\/div>\n\t\t\t\t<\/div>\n\t\t\t\t<\/div>","protected":false},"excerpt":{"rendered":"<p>Sobre Nosotros: En An\u00e1lisis y Desarrollo de Negocio somos una empresa especializada en transporte e intermediaci\u00f3n log\u00edstica, creada para apoyar a empresas del sector en la obtenci\u00f3n de recursos y soluciones que les permitan operar y crecer de forma eficiente. Ofrecemos soluciones integrales y a medida, incluyendo dotaci\u00f3n de camiones con conductor, b\u00fasqueda de camiones [&hellip;]<\/p>\n","protected":false},"author":1,"featured_media":0,"parent":0,"menu_order":0,"comment_status":"closed","ping_status":"closed","template":"","meta":{"footnotes":""},"class_list":["post-9","page","type-page","status-publish","hentry"],"yoast_head":"<!-- This site is optimized with the Yoast SEO plugin v27.5 - https:\/\/yoast.com\/product\/yoast-seo-wordpress\/ -->\n<title>Inicio - ANALISIS Y DESARROLLO DE NEGOCIO<\/title>\n<meta name=\"robots\" content=\"index, follow, max-snippet:-1, max-image-preview:large, max-video-preview:-1\" \/>\n<link rel=\"canonical\" href=\"https:\/\/adntransport.es\/eu\/\" \/>\n<meta property=\"og:locale\" content=\"en_US\" \/>\n<meta property=\"og:type\" content=\"article\" \/>\n<meta property=\"og:title\" content=\"Inicio - ANALISIS Y DESARROLLO DE NEGOCIO\" \/>\n<meta property=\"og:description\" content=\"Sobre Nosotros: En An\u00e1lisis y Desarrollo de Negocio somos una empresa especializada en transporte e intermediaci\u00f3n log\u00edstica, creada para apoyar a empresas del sector en la obtenci\u00f3n de recursos y soluciones que les permitan operar y crecer de forma eficiente. Ofrecemos soluciones integrales y a medida, incluyendo dotaci\u00f3n de camiones con conductor, b\u00fasqueda de camiones [&hellip;]\" \/>\n<meta property=\"og:url\" content=\"https:\/\/adntransport.es\/eu\/\" \/>\n<meta property=\"og:site_name\" content=\"ANALISIS Y DESARROLLO DE NEGOCIO\" \/>\n<meta property=\"article:modified_time\" content=\"2025-12-31T11:52:04+00:00\" \/>\n<meta name=\"twitter:card\" content=\"summary_large_image\" \/>\n<meta name=\"twitter:label1\" content=\"Est. reading time\" \/>\n\t<meta name=\"twitter:data1\" content=\"1 minutua\" \/>\n<script type=\"application\/ld+json\" class=\"yoast-schema-graph\">{\"@context\":\"https:\\\/\\\/schema.org\",\"@graph\":[{\"@type\":\"WebPage\",\"@id\":\"https:\\\/\\\/adntransport.es\\\/\",\"url\":\"https:\\\/\\\/adntransport.es\\\/\",\"name\":\"Inicio - ANALISIS Y DESARROLLO DE NEGOCIO\",\"isPartOf\":{\"@id\":\"https:\\\/\\\/adntransport.es\\\/#website\"},\"datePublished\":\"2025-12-26T16:50:05+00:00\",\"dateModified\":\"2025-12-31T11:52:04+00:00\",\"breadcrumb\":{\"@id\":\"https:\\\/\\\/adntransport.es\\\/#breadcrumb\"},\"inLanguage\":\"eu\",\"potentialAction\":[{\"@type\":\"ReadAction\",\"target\":[\"https:\\\/\\\/adntransport.es\\\/\"]}]},{\"@type\":\"BreadcrumbList\",\"@id\":\"https:\\\/\\\/adntransport.es\\\/#breadcrumb\",\"itemListElement\":[{\"@type\":\"ListItem\",\"position\":1,\"name\":\"Portada\",\"item\":\"https:\\\/\\\/adntransport.es\\\/\"},{\"@type\":\"ListItem\",\"position\":2,\"name\":\"Inicio\"}]},{\"@type\":\"WebSite\",\"@id\":\"https:\\\/\\\/adntransport.es\\\/#website\",\"url\":\"https:\\\/\\\/adntransport.es\\\/\",\"name\":\"ANALISIS Y DESARROLLO DE NEGOCIO\",\"description\":\"SERVICIOS DE TRANSPORTE \",\"publisher\":{\"@id\":\"https:\\\/\\\/adntransport.es\\\/#organization\"},\"potentialAction\":[{\"@type\":\"SearchAction\",\"target\":{\"@type\":\"EntryPoint\",\"urlTemplate\":\"https:\\\/\\\/adntransport.es\\\/?s={search_term_string}\"},\"query-input\":{\"@type\":\"PropertyValueSpecification\",\"valueRequired\":true,\"valueName\":\"search_term_string\"}}],\"inLanguage\":\"eu\"},{\"@type\":\"Organization\",\"@id\":\"https:\\\/\\\/adntransport.es\\\/#organization\",\"name\":\"ANALISIS Y DESARROLLO DE NEGOCIO\",\"url\":\"https:\\\/\\\/adntransport.es\\\/\",\"logo\":{\"@type\":\"ImageObject\",\"inLanguage\":\"eu\",\"@id\":\"https:\\\/\\\/adntransport.es\\\/#\\\/schema\\\/logo\\\/image\\\/\",\"url\":\"https:\\\/\\\/adntransport.es\\\/wp-content\\\/uploads\\\/2025\\\/12\\\/cropped-Grey-Green-Abstract-Logistics-Logo-1.png\",\"contentUrl\":\"https:\\\/\\\/adntransport.es\\\/wp-content\\\/uploads\\\/2025\\\/12\\\/cropped-Grey-Green-Abstract-Logistics-Logo-1.png\",\"width\":246,\"height\":187,\"caption\":\"ANALISIS Y DESARROLLO DE NEGOCIO\"},\"image\":{\"@id\":\"https:\\\/\\\/adntransport.es\\\/#\\\/schema\\\/logo\\\/image\\\/\"}}]}<\/script>\n<!-- \/ Yoast SEO plugin. -->","yoast_head_json":{"title":"Inicio - ANALISIS Y DESARROLLO DE NEGOCIO","robots":{"index":"index","follow":"follow","max-snippet":"max-snippet:-1","max-image-preview":"max-image-preview:large","max-video-preview":"max-video-preview:-1"},"canonical":"https:\/\/adntransport.es\/eu\/","og_locale":"en_US","og_type":"article","og_title":"Inicio - ANALISIS Y DESARROLLO DE NEGOCIO","og_description":"Sobre Nosotros: En An\u00e1lisis y Desarrollo de Negocio somos una empresa especializada en transporte e intermediaci\u00f3n log\u00edstica, creada para apoyar a empresas del sector en la obtenci\u00f3n de recursos y soluciones que les permitan operar y crecer de forma eficiente. Ofrecemos soluciones integrales y a medida, incluyendo dotaci\u00f3n de camiones con conductor, b\u00fasqueda de camiones [&hellip;]","og_url":"https:\/\/adntransport.es\/eu\/","og_site_name":"ANALISIS Y DESARROLLO DE NEGOCIO","article_modified_time":"2025-12-31T11:52:04+00:00","twitter_card":"summary_large_image","twitter_misc":{"Est. reading time":"1 minutua"},"schema":{"@context":"https:\/\/schema.org","@graph":[{"@type":"WebPage","@id":"https:\/\/adntransport.es\/","url":"https:\/\/adntransport.es\/","name":"Inicio - ANALISIS Y DESARROLLO DE NEGOCIO","isPartOf":{"@id":"https:\/\/adntransport.es\/#website"},"datePublished":"2025-12-26T16:50:05+00:00","dateModified":"2025-12-31T11:52:04+00:00","breadcrumb":{"@id":"https:\/\/adntransport.es\/#breadcrumb"},"inLanguage":"eu","potentialAction":[{"@type":"ReadAction","target":["https:\/\/adntransport.es\/"]}]},{"@type":"BreadcrumbList","@id":"https:\/\/adntransport.es\/#breadcrumb","itemListElement":[{"@type":"ListItem","position":1,"name":"Portada","item":"https:\/\/adntransport.es\/"},{"@type":"ListItem","position":2,"name":"Inicio"}]},{"@type":"WebSite","@id":"https:\/\/adntransport.es\/#website","url":"https:\/\/adntransport.es\/","name":"ANALISIS Y DESARROLLO DE NEGOCIO","description":"SERVICIOS DE TRANSPORTE","publisher":{"@id":"https:\/\/adntransport.es\/#organization"},"potentialAction":[{"@type":"SearchAction","target":{"@type":"EntryPoint","urlTemplate":"https:\/\/adntransport.es\/?s={search_term_string}"},"query-input":{"@type":"PropertyValueSpecification","valueRequired":true,"valueName":"search_term_string"}}],"inLanguage":"eu"},{"@type":"Organization","@id":"https:\/\/adntransport.es\/#organization","name":"ANALISIS Y DESARROLLO DE NEGOCIO","url":"https:\/\/adntransport.es\/","logo":{"@type":"ImageObject","inLanguage":"eu","@id":"https:\/\/adntransport.es\/#\/schema\/logo\/image\/","url":"https:\/\/adntransport.es\/wp-content\/uploads\/2025\/12\/cropped-Grey-Green-Abstract-Logistics-Logo-1.png","contentUrl":"https:\/\/adntransport.es\/wp-content\/uploads\/2025\/12\/cropped-Grey-Green-Abstract-Logistics-Logo-1.png","width":246,"height":187,"caption":"ANALISIS Y DESARROLLO DE NEGOCIO"},"image":{"@id":"https:\/\/adntransport.es\/#\/schema\/logo\/image\/"}}]}},"_links":{"self":[{"href":"https:\/\/adntransport.es\/eu\/wp-json\/wp\/v2\/pages\/9","targetHints":{"allow":["GET"]}}],"collection":[{"href":"https:\/\/adntransport.es\/eu\/wp-json\/wp\/v2\/pages"}],"about":[{"href":"https:\/\/adntransport.es\/eu\/wp-json\/wp\/v2\/types\/page"}],"author":[{"embeddable":true,"href":"https:\/\/adntransport.es\/eu\/wp-json\/wp\/v2\/users\/1"}],"replies":[{"embeddable":true,"href":"https:\/\/adntransport.es\/eu\/wp-json\/wp\/v2\/comments?post=9"}],"version-history":[{"count":61,"href":"https:\/\/adntransport.es\/eu\/wp-json\/wp\/v2\/pages\/9\/revisions"}],"predecessor-version":[{"id":214,"href":"https:\/\/adntransport.es\/eu\/wp-json\/wp\/v2\/pages\/9\/revisions\/214"}],"wp:attachment":[{"href":"https:\/\/adntransport.es\/eu\/wp-json\/wp\/v2\/media?parent=9"}],"curies":[{"name":"wp","href":"https:\/\/api.w.org\/{rel}","templated":true}]}}